{"id":2922,"date":"2015-12-23T05:34:43","date_gmt":"2015-12-23T05:34:43","guid":{"rendered":"http:\/\/themes.layero.com\/olamwp\/?page_id=2922"},"modified":"2023-06-07T20:27:23","modified_gmt":"2023-06-07T20:27:23","slug":"contact-3","status":"publish","type":"page","link":"http:\/\/eraphotopress.com\/es\/contact-3\/","title":{"rendered":"Contact 3"},"content":{"rendered":"<div class=\"fw-main-row section\">\n<div class=\"fw-container\">\n<div class=\"fw-row\">\n<div class=\"fw-col-xs-12 fw-col-sm-8\">\n<h4><span style=\"color: #00ccff\">P\u00f3nganse en Contacto<\/span><\/h4>\n<p class=\" translation-block\">El servicio period\u00edstico de la agencia <b>Era Photo Press<\/b> est\u00e1 destinado a medios de comunicaci\u00f3n y entidades p\u00fablicas y privadas.  <b>Era Photo Press<\/b> es una agencia de noticias que provee proyectos fotogr\u00e1ficos de contenido internacional en formatos multimedia listos para publicar.<\/p>\n<div class=\"form-wrapper fw-contact-form contact-form\">\n<div class=\"form-flash-message\"><\/div>\n<div class=\"wrap-forms\">\n<div class=\"fw-row\"><\/div>\n<div class=\"fw-row\">\n<div class=\"fw-col-xs-12 fw-col-sm-6 form-builder-item\">\n<div class=\"field-text\"><label for=\"id-1\">Nombre <sup>*<\/sup> <\/label><\/p>\n<\/div>\n<\/div>\n<div class=\"fw-col-xs-12 fw-col-sm-6 form-builder-item\">\n<div class=\"field-text\"><label for=\"id-2\">Apellido <\/label><\/p>\n<\/div>\n<\/div>\n<\/div>\n<div class=\"fw-row\">\n<div class=\"fw-col-xs-12 fw-col-sm-6 form-builder-item\">\n<div class=\"field-text\"><label for=\"id-3\">Correo Electr\u00f3nico <sup>*<\/sup> <\/label><\/p>\n<\/div>\n<\/div>\n<div class=\"fw-col-xs-12 fw-col-sm-6 form-builder-item\">\n<div class=\"field-text\"><label for=\"id-4\">Subject <\/label><\/p>\n<\/div>\n<\/div>\n<\/div>\n<div class=\"fw-row\">\n<div class=\"fw-col-xs-12 form-builder-item\">\n<div class=\"field-textarea\"><label for=\"id-5\">Su Mensaje <\/label><br \/>\n<textarea id=\"id-5\" name=\"textarea_dad6ea0\"><\/textarea><\/div>\n<\/div>\n<\/div>\n<\/div>\n<\/div>\n<\/div>\n<div class=\"fw-col-xs-12 fw-col-sm-4\">\n<div class=\"fw-iconbox clearfix olam-iconbox-2\">\n<div class=\"fw-iconbox-image\"><span style=\"background-color: #ffffff\">\u00a0<\/span><\/div>\n<div class=\"fw-iconbox-aside\">\n<div class=\"fw-iconbox-title\">\n<h3 style=\"text-align: center\"><span style=\"color: #ffffff\">Tel\u00e9fono de Oficina<\/span><\/h3>\n<h5 style=\"text-align: center\"><span style=\"color: #00ccff;font-size: inherit\">+1(843)285-8226<\/span><\/h5>\n<\/div>\n<div class=\"fw-iconbox-text\" style=\"text-align: center\">\n<p style=\"text-align: center\"><span style=\"color: #00ccff\">+1(407) 973-3280<\/span><\/p>\n<\/div>\n<\/div>\n<\/div>\n<div class=\"fw-divider-space\" style=\"padding-top: 25px;text-align: center\"><\/div>\n<div class=\"fw-iconbox clearfix olam-iconbox-2\">\n<div class=\"fw-iconbox-aside\">\n<div class=\"fw-iconbox-title\">\n<h3 style=\"text-align: center\"><span style=\"color: #ffffff\">+Our Office<\/span><\/h3>\n<\/div>\n<div class=\"fw-iconbox-text\">\n<p style=\"text-align: center\">1985 Riviera Dr<\/p>\n<p style=\"text-align: center\">Ste 103 #566<\/p>\n<p style=\"text-align: center\">Mount Pleasant,<\/p>\n<p style=\"text-align: center\">SC 29464<\/p>\n<p style=\"text-align: center\">\n<\/div>\n<\/div>\n<\/div>\n<div class=\"fw-divider-space\" style=\"padding-top: 25px\"><\/div>\n<div class=\"fw-iconbox clearfix olam-iconbox-2\">\n<div class=\"fw-iconbox-aside\">\n<div class=\"fw-iconbox-title\">\n<h3 style=\"text-align: center\"><span style=\"color: #ffffff\">E-mail Adresses<\/span><\/h3>\n<\/div>\n<div class=\"fw-iconbox-text\">\n<p style=\"text-align: center\">maribelflores@eraphotopress.com<br \/>\nantoniovazquez@eraphotopress.com<\/p>\n<\/div>\n<\/div>\n<\/div>\n<\/div>\n<\/div>\n<\/div>\n<\/div>\n<p><!-- 4747cc4d35cead71ef03b7918d9b200e --><\/p>","protected":false},"excerpt":{"rendered":"<p>Get in touch The journalistic service of\u00a0Era Photopress\u00a0is aimed at the public and private media. First Name * Last Name Email Address * Subject Your Message \u00a0 Phone Office +1(843)285-8226 +1(407) 973-3280 +Our Office 1985 Riviera Dr Ste 103 #566 Mount Pleasant, SC 29464 E-mail Adresses maribelflores@eraphotopress.com antoniovazquez@eraphotopress.com<\/p>","protected":false},"author":1,"featured_media":0,"parent":0,"menu_order":0,"comment_status":"closed","ping_status":"closed","template":"","meta":{"footnotes":""},"categories":[],"tags":[],"class_list":["post-2922","page","type-page","status-publish","hentry"],"brizy_media":[],"_links":{"self":[{"href":"http:\/\/eraphotopress.com\/es\/wp-json\/wp\/v2\/pages\/2922","targetHints":{"allow":["GET"]}}],"collection":[{"href":"http:\/\/eraphotopress.com\/es\/wp-json\/wp\/v2\/pages"}],"about":[{"href":"http:\/\/eraphotopress.com\/es\/wp-json\/wp\/v2\/types\/page"}],"author":[{"embeddable":true,"href":"http:\/\/eraphotopress.com\/es\/wp-json\/wp\/v2\/users\/1"}],"replies":[{"embeddable":true,"href":"http:\/\/eraphotopress.com\/es\/wp-json\/wp\/v2\/comments?post=2922"}],"version-history":[{"count":14,"href":"http:\/\/eraphotopress.com\/es\/wp-json\/wp\/v2\/pages\/2922\/revisions"}],"predecessor-version":[{"id":5445,"href":"http:\/\/eraphotopress.com\/es\/wp-json\/wp\/v2\/pages\/2922\/revisions\/5445"}],"wp:attachment":[{"href":"http:\/\/eraphotopress.com\/es\/wp-json\/wp\/v2\/media?parent=2922"}],"wp:term":[{"taxonomy":"category","embeddable":true,"href":"http:\/\/eraphotopress.com\/es\/wp-json\/wp\/v2\/categories?post=2922"},{"taxonomy":"post_tag","embeddable":true,"href":"http:\/\/eraphotopress.com\/es\/wp-json\/wp\/v2\/tags?post=2922"}],"curies":[{"name":"wp","href":"https:\/\/api.w.org\/{rel}","templated":true}]}}